{"id":13257,"date":"2023-10-09T10:13:50","date_gmt":"2023-10-09T08:13:50","guid":{"rendered":"https:\/\/www.diagramma.ch\/ueber-uns\/"},"modified":"2024-01-16T17:14:22","modified_gmt":"2024-01-16T16:14:22","slug":"qui-sommes-nous","status":"publish","type":"page","link":"https:\/\/www.diagramma.ch\/fr\/qui-sommes-nous\/","title":{"rendered":"\u00c0 propos de Diagramm AG"},"content":{"rendered":"\t\t<div data-elementor-type=\"wp-page\" data-elementor-id=\"13257\" class=\"elementor elementor-13257 elementor-1402\" data-elementor-post-type=\"page\">\n\t\t\t\t\t\t<section class=\"elementor-section elementor-top-section elementor-element elementor-element-0c64712 elementor-section-boxed elementor-section-height-default elementor-section-height-default\" data-id=\"0c64712\" data-element_type=\"section\" data-settings=\"{&quot;background_background&quot;:&quot;classic&quot;}\">\n\t\t\t\t\t\t<div class=\"elementor-container elementor-column-gap-default\">\n\t\t\t\t\t<div class=\"elementor-column elementor-col-100 elementor-top-column elementor-element elementor-element-265b55d\" data-id=\"265b55d\" data-element_type=\"column\">\n\t\t\t<div class=\"elementor-widget-wrap elementor-element-populated\">\n\t\t\t\t\t\t<div class=\"elementor-element elementor-element-e555715 elementor-widget elementor-widget-heading\" data-id=\"e555715\" data-element_type=\"widget\" data-widget_type=\"heading.default\">\n\t\t\t\t<div class=\"elementor-widget-container\">\n\t\t\t\t\t<h2 class=\"elementor-heading-title elementor-size-default\">\u00c0 propos de Diagramm AG<\/h2>\t\t\t\t<\/div>\n\t\t\t\t<\/div>\n\t\t\t\t<div class=\"elementor-element elementor-element-7eaaf77 elementor-widget-divider--view-line elementor-widget elementor-widget-divider\" data-id=\"7eaaf77\" data-element_type=\"widget\" data-widget_type=\"divider.default\">\n\t\t\t\t<div class=\"elementor-widget-container\">\n\t\t\t\t\t\t\t<div class=\"elementor-divider\">\n\t\t\t<span class=\"elementor-divider-separator\">\n\t\t\t\t\t\t<\/span>\n\t\t<\/div>\n\t\t\t\t\t\t<\/div>\n\t\t\t\t<\/div>\n\t\t\t\t\t<\/div>\n\t\t<\/div>\n\t\t\t\t\t<\/div>\n\t\t<\/section>\n\t\t\t\t<section class=\"elementor-section elementor-top-section elementor-element elementor-element-73fdc0e5 elementor-section-boxed elementor-section-height-default elementor-section-height-default\" data-id=\"73fdc0e5\" data-element_type=\"section\" data-settings=\"{&quot;background_background&quot;:&quot;classic&quot;}\">\n\t\t\t\t\t\t<div class=\"elementor-container elementor-column-gap-default\">\n\t\t\t\t\t<div class=\"elementor-column elementor-col-100 elementor-top-column elementor-element elementor-element-681243cc\" data-id=\"681243cc\" data-element_type=\"column\">\n\t\t\t<div class=\"elementor-widget-wrap elementor-element-populated\">\n\t\t\t\t\t\t<div class=\"elementor-element elementor-element-11339087 elementor-widget elementor-widget-heading\" data-id=\"11339087\" data-element_type=\"widget\" data-widget_type=\"heading.default\">\n\t\t\t\t<div class=\"elementor-widget-container\">\n\t\t\t\t\t<h2 class=\"elementor-heading-title elementor-size-default\">Qui nous sommes et ce que nous faisons\n<\/h2>\t\t\t\t<\/div>\n\t\t\t\t<\/div>\n\t\t\t\t<div class=\"elementor-element elementor-element-1671b87e elementor-widget elementor-widget-text-editor\" data-id=\"1671b87e\" data-element_type=\"widget\" data-widget_type=\"text-editor.default\">\n\t\t\t\t<div class=\"elementor-widget-container\">\n\t\t\t\t\t\t\t\t\tNous fabriquons des papiers techniques depuis 1904. Gr\u00e2ce \u00e0 nos propres conceptions et machines, nous avons su adapter et d\u00e9velopper en permanence nos produits aux technologies les plus r\u00e9centes en coop\u00e9ration avec les fabricants.\n\nNotre soci\u00e9t\u00e9 actuelle est issue des 3 fabricants suisses de papiers techniques, Gebr. Willenegger, Zurich, Technogramme SA, Neuch\u00e2tel et Diagramma.\t\t\t\t\t\t\t\t<\/div>\n\t\t\t\t<\/div>\n\t\t\t\t<div class=\"elementor-element elementor-element-b33708a elementor-widget elementor-widget-heading\" data-id=\"b33708a\" data-element_type=\"widget\" data-widget_type=\"heading.default\">\n\t\t\t\t<div class=\"elementor-widget-container\">\n\t\t\t\t\t<h3 class=\"elementor-heading-title elementor-size-default\">Notre \u00e9volution<\/h3>\t\t\t\t<\/div>\n\t\t\t\t<\/div>\n\t\t\t\t<div class=\"elementor-element elementor-element-c2a2c7e elementor-widget elementor-widget-text-editor\" data-id=\"c2a2c7e\" data-element_type=\"widget\" data-widget_type=\"text-editor.default\">\n\t\t\t\t<div class=\"elementor-widget-container\">\n\t\t\t\t\t\t\t\t\tDepuis sa fondation en 1927 par Oskar Treyer, notre soci\u00e9t\u00e9 est une entreprise familiale. \u00c0 l&rsquo;origine, elle \u00e9tait bas\u00e9e sur la construction de machines et outils.\n\nPar la recherche et le d\u00e9veloppement continuels de nouvelles installations de production jusqu&rsquo;\u00e0 ce jour (mise en service en 1992 de la bobineuse de rouleaux \u00e0 diagrammes la plus rapide au monde), nous avons su conqu\u00e9rir notre position actuelle sur le march\u00e9 international.\n\nDe 1904 \u00e0 2004 &#8211; la production centenaire de papiers supports de donn\u00e9es dans notre entreprise nous engage \u00e0 perp\u00e9tuer et \u00e0 cultiver cette tradition.\t\t\t\t\t\t\t\t<\/div>\n\t\t\t\t<\/div>\n\t\t\t\t<div class=\"elementor-element elementor-element-bb473ce elementor-widget elementor-widget-heading\" data-id=\"bb473ce\" data-element_type=\"widget\" data-widget_type=\"heading.default\">\n\t\t\t\t<div class=\"elementor-widget-container\">\n\t\t\t\t\t<h3 class=\"elementor-heading-title elementor-size-default\">Papiers m\u00e9dicaux\n<\/h3>\t\t\t\t<\/div>\n\t\t\t\t<\/div>\n\t\t\t\t<div class=\"elementor-element elementor-element-e3680ce elementor-widget elementor-widget-text-editor\" data-id=\"e3680ce\" data-element_type=\"widget\" data-widget_type=\"text-editor.default\">\n\t\t\t\t<div class=\"elementor-widget-container\">\n\t\t\t\t\t\t\t\t\tDans les ann\u00e9es 30 ont \u00e9t\u00e9 fabriqu\u00e9s les premiers papiers m\u00e9dicaux, le d\u00e9veloppement a commenc\u00e9 avec des enregistreurs \u00e0 encre, suivis par diff\u00e9rents papiers sp\u00e9ciaux tels que les papiers \u00e9lectrosensibles et autres. Au d\u00e9but des ann\u00e9es 50, la premi\u00e8re grande diffusion des appareils d&rsquo;enregistrement m\u00e9dical a fait son apparition par la mise au point d&rsquo;une couche de cire blanche thermosensible sur papier noir.\n\nCe type de papier a \u00e9t\u00e9 constamment am\u00e9lior\u00e9 au fil des ann\u00e9es jusqu&rsquo;\u00e0 l\u2019apparition des premiers papiers thermor\u00e9actifs \u00e0 base chimique venant des \u00c9tats-Unis dans les ann\u00e9es 70. Cette \u00e9volution a permis non seulement l&rsquo;enregistrement purement analogique mais aussi alphanum\u00e9rique sur papier. La technologie de balayage thermique d&rsquo;aujourd&rsquo;hui est de loin la m\u00e9thode d&rsquo;enregistrement la plus simple et la plus \u00e9conomique.\t\t\t\t\t\t\t\t<\/div>\n\t\t\t\t<\/div>\n\t\t\t\t<div class=\"elementor-element elementor-element-c06faca elementor-widget elementor-widget-heading\" data-id=\"c06faca\" data-element_type=\"widget\" data-widget_type=\"heading.default\">\n\t\t\t\t<div class=\"elementor-widget-container\">\n\t\t\t\t\t<h3 class=\"elementor-heading-title elementor-size-default\">Notre produit: - \"Quality made in Switzerland\"\n\n<\/h3>\t\t\t\t<\/div>\n\t\t\t\t<\/div>\n\t\t\t\t<div class=\"elementor-element elementor-element-05dc33b elementor-widget elementor-widget-text-editor\" data-id=\"05dc33b\" data-element_type=\"widget\" data-widget_type=\"text-editor.default\">\n\t\t\t\t<div class=\"elementor-widget-container\">\n\t\t\t\t\t\t\t\t\tEn tant qu&rsquo;entreprise suisse avec une part d&rsquo;exportation de plus de 60%, nous nous engageons \u00e0 pr\u00e9server la plus haute qualit\u00e9 \u00e0 un prix comp\u00e9titif.\n\nLa majeure partie de notre production est livr\u00e9e aux fabricants et aux repr\u00e9sentants g\u00e9n\u00e9raux. Ces produits sont vendus dans le monde entier. Leur utilisation comme qu&rsquo;enregistreur exige un fonctionnement \u00e0 toute \u00e9preuve de chacun de nos produits. De ce fait, notre produit est coresponsable de la surveillance de l&rsquo;ensemble du syst\u00e8me ou du patient. Assumer cette responsabilit\u00e9 est notre plus grande pr\u00e9occupation.\n\nGr\u00e2ce \u00e0 nos collaborateurs sp\u00e9cialis\u00e9s depuis de longues ann\u00e9es, \u00e0 nos machines parfaitement adapt\u00e9es et \u00e0 l&rsquo;utilisation des meilleures mati\u00e8res premi\u00e8res, nous avons acquis dans le monde entier une r\u00e9putation de fabricant de produits de haute qualit\u00e9.\t\t\t\t\t\t\t\t<\/div>\n\t\t\t\t<\/div>\n\t\t\t\t\t<\/div>\n\t\t<\/div>\n\t\t\t\t\t<\/div>\n\t\t<\/section>\n\t\t\t\t<section class=\"elementor-section elementor-top-section elementor-element elementor-element-fdd0d6b elementor-section-height-min-height elementor-section-content-middle elementor-section-boxed elementor-section-height-default elementor-section-items-middle\" data-id=\"fdd0d6b\" data-element_type=\"section\" data-settings=\"{&quot;background_background&quot;:&quot;classic&quot;,&quot;animation&quot;:&quot;none&quot;}\">\n\t\t\t\t\t\t\t<div class=\"elementor-background-overlay\"><\/div>\n\t\t\t\t\t\t\t<div class=\"elementor-container elementor-column-gap-default\">\n\t\t\t\t\t<div class=\"elementor-column elementor-col-50 elementor-top-column elementor-element elementor-element-94e574e elementor-invisible\" data-id=\"94e574e\" data-element_type=\"column\" data-settings=\"{&quot;animation&quot;:&quot;fadeIn&quot;,&quot;animation_mobile&quot;:&quot;none&quot;}\">\n\t\t\t<div class=\"elementor-widget-wrap elementor-element-populated\">\n\t\t\t\t\t\t<div class=\"elementor-element elementor-element-a8898db elementor-widget elementor-widget-image\" data-id=\"a8898db\" data-element_type=\"widget\" data-settings=\"{&quot;_animation&quot;:&quot;none&quot;}\" data-widget_type=\"image.default\">\n\t\t\t\t<div class=\"elementor-widget-container\">\n\t\t\t\t\t\t\t\t\t\t\t\t\t\t\t<img fetchpriority=\"high\" decoding=\"async\" width=\"800\" height=\"800\" src=\"https:\/\/www.diagramma.ch\/wp-content\/uploads\/2023\/10\/pascal-treyer.1024x1024.jpg\" class=\"attachment-large size-large wp-image-1366\" alt=\"\" srcset=\"https:\/\/www.diagramma.ch\/wp-content\/uploads\/2023\/10\/pascal-treyer.1024x1024.jpg 1024w, https:\/\/www.diagramma.ch\/wp-content\/uploads\/2023\/10\/pascal-treyer.1024x1024-300x300.jpg 300w, https:\/\/www.diagramma.ch\/wp-content\/uploads\/2023\/10\/pascal-treyer.1024x1024-150x150.jpg 150w, https:\/\/www.diagramma.ch\/wp-content\/uploads\/2023\/10\/pascal-treyer.1024x1024-768x768.jpg 768w, https:\/\/www.diagramma.ch\/wp-content\/uploads\/2023\/10\/pascal-treyer.1024x1024-700x700.jpg 700w, https:\/\/www.diagramma.ch\/wp-content\/uploads\/2023\/10\/pascal-treyer.1024x1024-600x600.jpg 600w, https:\/\/www.diagramma.ch\/wp-content\/uploads\/2023\/10\/pascal-treyer.1024x1024-100x100.jpg 100w, https:\/\/www.diagramma.ch\/wp-content\/uploads\/2023\/10\/pascal-treyer.1024x1024-800x800.jpg 800w\" sizes=\"(max-width: 800px) 100vw, 800px\">\t\t\t\t\t\t\t\t\t\t\t\t\t\t\t<\/div>\n\t\t\t\t<\/div>\n\t\t\t\t\t<\/div>\n\t\t<\/div>\n\t\t\t\t<div class=\"elementor-column elementor-col-50 elementor-top-column elementor-element elementor-element-1872e1a elementor-invisible\" data-id=\"1872e1a\" data-element_type=\"column\" data-settings=\"{&quot;animation&quot;:&quot;fadeIn&quot;}\">\n\t\t\t<div class=\"elementor-widget-wrap elementor-element-populated\">\n\t\t\t\t\t\t<div class=\"elementor-element elementor-element-4123d4d elementor-widget elementor-widget-heading\" data-id=\"4123d4d\" data-element_type=\"widget\" data-widget_type=\"heading.default\">\n\t\t\t\t<div class=\"elementor-widget-container\">\n\t\t\t\t\t<div class=\"elementor-heading-title elementor-size-default\">Pascal Treyer, CEO Diagramma AG<\/div>\t\t\t\t<\/div>\n\t\t\t\t<\/div>\n\t\t\t\t<div class=\"elementor-element elementor-element-722b725 elementor-widget elementor-widget-heading\" data-id=\"722b725\" data-element_type=\"widget\" data-widget_type=\"heading.default\">\n\t\t\t\t<div class=\"elementor-widget-container\">\n\t\t\t\t\t<h1 class=\"elementor-heading-title elementor-size-default\">100 ans d'exp\u00e9rience parlent d'eux-m\u00eames : \nNous sommes vos experts en mati\u00e8re de fournitures pour h\u00f4pitaux et cabinets m\u00e9dicaux. <\/h1>\t\t\t\t<\/div>\n\t\t\t\t<\/div>\n\t\t\t\t<div class=\"elementor-element elementor-element-6185d0a elementor-hidden-desktop elementor-hidden-tablet elementor-hidden-mobile elementor-widget elementor-widget-button\" data-id=\"6185d0a\" data-element_type=\"widget\" data-widget_type=\"button.default\">\n\t\t\t\t<div class=\"elementor-widget-container\">\n\t\t\t\t\t\t\t\t\t<div class=\"elementor-button-wrapper\">\n\t\t\t\t\t<a class=\"elementor-button elementor-button-link elementor-size-sm\" href=\"#\">\n\t\t\t\t\t\t<span class=\"elementor-button-content-wrapper\">\n\t\t\t\t\t\t\t\t\t<span class=\"elementor-button-text\">Produkte bestellen<\/span>\n\t\t\t\t\t<\/span>\n\t\t\t\t\t<\/a>\n\t\t\t\t<\/div>\n\t\t\t\t\t\t\t\t<\/div>\n\t\t\t\t<\/div>\n\t\t\t\t\t<\/div>\n\t\t<\/div>\n\t\t\t\t\t<\/div>\n\t\t<\/section>\n\t\t\t\t<\/div>\n\t\t","protected":false},"excerpt":{"rendered":"<p>\u00c0 propos de Diagramm AG Qui nous sommes et ce que nous faisons Nous fabriquons des papiers techniques depuis 1904. Gr\u00e2ce \u00e0 nos propres conceptions et machines, nous avons su adapter et d\u00e9velopper en permanence nos produits aux technologies les plus r\u00e9centes en coop\u00e9ration avec les fabricants. Notre soci\u00e9t\u00e9 actuelle est issue des 3 fabricants [&hellip;]<\/p>\n","protected":false},"author":1,"featured_media":0,"parent":0,"menu_order":0,"comment_status":"closed","ping_status":"closed","template":"","meta":{"_acf_changed":false,"footnotes":""},"class_list":["post-13257","page","type-page","status-publish","hentry"],"acf":[],"_links":{"self":[{"href":"https:\/\/www.diagramma.ch\/fr\/wp-json\/wp\/v2\/pages\/13257","targetHints":{"allow":["GET"]}}],"collection":[{"href":"https:\/\/www.diagramma.ch\/fr\/wp-json\/wp\/v2\/pages"}],"about":[{"href":"https:\/\/www.diagramma.ch\/fr\/wp-json\/wp\/v2\/types\/page"}],"author":[{"embeddable":true,"href":"https:\/\/www.diagramma.ch\/fr\/wp-json\/wp\/v2\/users\/1"}],"replies":[{"embeddable":true,"href":"https:\/\/www.diagramma.ch\/fr\/wp-json\/wp\/v2\/comments?post=13257"}],"version-history":[{"count":0,"href":"https:\/\/www.diagramma.ch\/fr\/wp-json\/wp\/v2\/pages\/13257\/revisions"}],"wp:attachment":[{"href":"https:\/\/www.diagramma.ch\/fr\/wp-json\/wp\/v2\/media?parent=13257"}],"curies":[{"name":"wp","href":"https:\/\/api.w.org\/{rel}","templated":true}]}}